{"id":847,"date":"2021-04-29T10:00:05","date_gmt":"2021-04-29T08:00:05","guid":{"rendered":"http:\/\/dev.webportal.rs\/riskmanager\/about-us\/"},"modified":"2021-04-29T10:00:06","modified_gmt":"2021-04-29T08:00:06","slug":"about-us","status":"publish","type":"page","link":"https:\/\/riskmanager.rs\/en\/about-us\/","title":{"rendered":"About us"},"content":{"rendered":"\t\t<div data-elementor-type=\"wp-page\" data-elementor-id=\"847\" class=\"elementor elementor-847 elementor-11\" data-elementor-post-type=\"page\">\n\t\t\t\t\t\t<section class=\"elementor-section elementor-top-section elementor-element elementor-element-ba6e76f elementor-section-height-min-height elementor-section-boxed elementor-section-height-default elementor-section-items-middle\" data-id=\"ba6e76f\" data-element_type=\"section\" data-settings=\"{&quot;background_background&quot;:&quot;gradient&quot;}\">\n\t\t\t\t\t\t\t<div class=\"elementor-background-overlay\"><\/div>\n\t\t\t\t\t\t\t<div class=\"elementor-container elementor-column-gap-default\">\n\t\t\t\t\t<div class=\"elementor-column elementor-col-100 elementor-top-column elementor-element elementor-element-57004f1\" data-id=\"57004f1\" data-element_type=\"column\">\n\t\t\t<div class=\"elementor-widget-wrap elementor-element-populated\">\n\t\t\t\t\t\t<section class=\"elementor-section elementor-inner-section elementor-element elementor-element-0fc4534 elementor-section-boxed elementor-section-height-default elementor-section-height-default\" data-id=\"0fc4534\" data-element_type=\"section\">\n\t\t\t\t\t\t<div class=\"elementor-container elementor-column-gap-default\">\n\t\t\t\t\t<div class=\"elementor-column elementor-col-50 elementor-inner-column elementor-element elementor-element-49fd6af\" data-id=\"49fd6af\" data-element_type=\"column\">\n\t\t\t<div class=\"elementor-widget-wrap elementor-element-populated\">\n\t\t\t\t\t\t<div class=\"elementor-element elementor-element-310afcd elementor-widget elementor-widget-heading\" data-id=\"310afcd\" data-element_type=\"widget\" data-widget_type=\"heading.default\">\n\t\t\t\t<div class=\"elementor-widget-container\">\n\t\t\t\t\t<h2 class=\"elementor-heading-title elementor-size-default\">Looking for the best <br>for you!<\/h2>\t\t\t\t<\/div>\n\t\t\t\t<\/div>\n\t\t\t\t<div class=\"elementor-element elementor-element-609dfb3 elementor-widget elementor-widget-heading\" data-id=\"609dfb3\" data-element_type=\"widget\" data-widget_type=\"heading.default\">\n\t\t\t\t<div class=\"elementor-widget-container\">\n\t\t\t\t\t<h2 class=\"elementor-heading-title elementor-size-default\">About us<\/h2>\t\t\t\t<\/div>\n\t\t\t\t<\/div>\n\t\t\t\t\t<\/div>\n\t\t<\/div>\n\t\t\t\t<div class=\"elementor-column elementor-col-50 elementor-inner-column elementor-element elementor-element-babea21\" data-id=\"babea21\" data-element_type=\"column\">\n\t\t\t<div class=\"elementor-widget-wrap\">\n\t\t\t\t\t\t\t<\/div>\n\t\t<\/div>\n\t\t\t\t\t<\/div>\n\t\t<\/section>\n\t\t\t\t\t<\/div>\n\t\t<\/div>\n\t\t\t\t\t<\/div>\n\t\t<\/section>\n\t\t\t\t<section class=\"elementor-section elementor-top-section elementor-element elementor-element-4f58911 elementor-section-boxed elementor-section-height-default elementor-section-height-default\" data-id=\"4f58911\" data-element_type=\"section\">\n\t\t\t\t\t\t<div class=\"elementor-container elementor-column-gap-no\">\n\t\t\t\t\t<div class=\"elementor-column elementor-col-100 elementor-top-column elementor-element elementor-element-8fa4b7c\" data-id=\"8fa4b7c\" data-element_type=\"column\">\n\t\t\t<div class=\"elementor-widget-wrap elementor-element-populated\">\n\t\t\t\t\t\t<div class=\"elementor-element elementor-element-7a53dd7 elementor-widget elementor-widget-heading\" data-id=\"7a53dd7\" data-element_type=\"widget\" data-widget_type=\"heading.default\">\n\t\t\t\t<div class=\"elementor-widget-container\">\n\t\t\t\t\t<h2 class=\"elementor-heading-title elementor-size-default\">OUR REPRESENTATIVES<\/h2>\t\t\t\t<\/div>\n\t\t\t\t<\/div>\n\t\t\t\t<div class=\"elementor-element elementor-element-0bf233f elementor-widget-divider--view-line elementor-widget elementor-widget-divider\" data-id=\"0bf233f\" data-element_type=\"widget\" data-widget_type=\"divider.default\">\n\t\t\t\t<div class=\"elementor-widget-container\">\n\t\t\t\t\t\t\t<div class=\"elementor-divider\">\n\t\t\t<span class=\"elementor-divider-separator\">\n\t\t\t\t\t\t<\/span>\n\t\t<\/div>\n\t\t\t\t\t\t<\/div>\n\t\t\t\t<\/div>\n\t\t\t\t<div class=\"elementor-element elementor-element-2445bea elementor-widget elementor-widget-text-editor\" data-id=\"2445bea\" data-element_type=\"widget\" data-widget_type=\"text-editor.default\">\n\t\t\t\t<div class=\"elementor-widget-container\">\n\t\t\t\t\t\t\t\t\t<p style=\"text-align: center;\">We are team of trustworthy people who can be trusted that, with their knowledge and experience, would recomand the best solution for protecting your property, persons and business operation.<\/p>\n\t\t\t\t\t\t\t\t<\/div>\n\t\t\t\t<\/div>\n\t\t\t\t<div class=\"elementor-element elementor-element-8e54874 elementor-widget elementor-widget-toolset-view\" data-id=\"8e54874\" data-element_type=\"widget\" data-widget_type=\"toolset-view.default\">\n\t\t\t\t<div class=\"elementor-widget-container\">\n\t\t\t\t\t\n\n\n\n\t\n\t\n\t<div class=\"wpv-loop team-loop js-wpv-loop\">\n\t\t\n\t\t\t<div class=\"list-item\"><div class=\"image-hold\"><img decoding=\"async\" src=\"https:\/\/riskmanager.rs\/wp-content\/uploads\/2021\/03\/Capture-wpcf_350x508.png\" title=\"Capture\" class=\"attachment-custom\" \/><\/div>\n<div class=\"txt-hold\">\n<h3>Aleksandar<\/br> Jani\u0107ijevi\u0107<\/h3>\n  <ul>\n    <li><a href=\"tel:+381 69 558 58 92\"><i class=\"fas fa-phone-alt\"><\/i>+381 69 558 58 92<\/a><\/li>\n    \n \t<li><a href=\"mailto:menadzer.rizika@gmail.com\"><i class=\"fas fa-mail-bulk\"><\/i>menadzer.rizika@gmail.com<\/a><\/li>\n    \n  <\/ul>\n<\/div><\/div>\n\t\t\n\t\t\t<div class=\"list-item\"><div class=\"image-hold\"><img decoding=\"async\" src=\"https:\/\/riskmanager.rs\/wp-content\/uploads\/2021\/03\/1E0A4992AAAAA-scaled-wpcf_350x554.jpg\" title=\"1E0A4992AAAAA\" class=\"attachment-custom\" \/><\/div>\n<div class=\"txt-hold\">\n<h3>Vladimir<\/br> Ja\u0107imovi\u0107<\/h3>\n  <ul>\n    <li><a href=\"tel:+381 69 558 58 01\"><i class=\"fas fa-phone-alt\"><\/i>+381 69 558 58 01<\/a><\/li>\n    \n \t<li><a href=\"mailto:menadzer.rizika@gmail.com\"><i class=\"fas fa-mail-bulk\"><\/i>menadzer.rizika@gmail.com<\/a><\/li>\n    \n  <\/ul>\n<\/div><\/div>\n\t\t\n\t\t\t<div class=\"list-item\"><div class=\"image-hold\"><img decoding=\"async\" src=\"https:\/\/riskmanager.rs\/wp-content\/uploads\/2024\/01\/IMG_1424-1-wpcf_350x335.jpg\" title=\"IMG_1424 (1)\" class=\"attachment-custom\" \/><\/div>\n<div class=\"txt-hold\">\n<h3>Nata\u0161a Vasiljevi\u0107<\/h3>\n  <ul>\n    <li><a href=\"tel:+381 69 558 58 23\"><i class=\"fas fa-phone-alt\"><\/i>+381 69 558 58 23<\/a><\/li>\n    \n \t<li><a href=\"mailto:menadzer.rizika@gmail.com\"><i class=\"fas fa-mail-bulk\"><\/i>menadzer.rizika@gmail.com<\/a><\/li>\n    \n  <\/ul>\n<\/div><\/div>\n\t\t\n\t\t\t<div class=\"list-item\"><div class=\"image-hold\"><img decoding=\"async\" src=\"https:\/\/riskmanager.rs\/wp-content\/uploads\/2024\/01\/IMG_1447-scaled-wpcf_350x467.jpg\" title=\"IMG_1447\" class=\"attachment-custom\" \/><\/div>\n<div class=\"txt-hold\">\n<h3>Aleksandra Virijevi\u0107<\/h3>\n  <ul>\n    <li><a href=\"tel:+381 69 558 50 65\"><i class=\"fas fa-phone-alt\"><\/i>+381 69 558 50 65<\/a><\/li>\n    \n \t<li><a href=\"mailto:a.virijevic@ws.co.rs\"><i class=\"fas fa-mail-bulk\"><\/i>a.virijevic@ws.co.rs<\/a><\/li>\n    \n  <\/ul>\n<\/div><\/div>\n\t\t\n\t<\/div>\n\t\n\t\n\t\n\t\t\t\t<\/div>\n\t\t\t\t<\/div>\n\t\t\t\t<div class=\"elementor-element elementor-element-77d9a8e elementor-widget elementor-widget-text-editor\" data-id=\"77d9a8e\" data-element_type=\"widget\" data-widget_type=\"text-editor.default\">\n\t\t\t\t<div class=\"elementor-widget-container\">\n\t\t\t\t\t\t\t\t\t<p>Our primary and only activity is security mediation and counseling and assistance in risk assessment.<\/p>\n<p>The risk manager team in Serbia employs highly educated, experienced and professional staff, all of whom work with clients have a <strong>MIA license<\/strong> and <strong>certificates <\/strong> for security mediation.<\/p>\n<ul>\n<li>We want you to trust us.<\/li>\n<li>We want you to ask us about every form of protection.<\/li>\n<li>Be the first to secure your property in the right and best way.<\/li>\n<\/ul>\n\t\t\t\t\t\t\t\t<\/div>\n\t\t\t\t<\/div>\n\t\t\t\t<div class=\"elementor-element elementor-element-1f0f707 elementor-align-center elementor-widget elementor-widget-button\" data-id=\"1f0f707\" data-element_type=\"widget\" data-widget_type=\"button.default\">\n\t\t\t\t<div class=\"elementor-widget-container\">\n\t\t\t\t\t\t\t\t\t<div class=\"elementor-button-wrapper\">\n\t\t\t\t\t<a class=\"elementor-button elementor-button-link elementor-size-sm\" href=\"https:\/\/riskmanager.rs\/en\/contact\/\">\n\t\t\t\t\t\t<span class=\"elementor-button-content-wrapper\">\n\t\t\t\t\t\t\t\t\t<span class=\"elementor-button-text\">Become a part of our team<\/span>\n\t\t\t\t\t<\/span>\n\t\t\t\t\t<\/a>\n\t\t\t\t<\/div>\n\t\t\t\t\t\t\t\t<\/div>\n\t\t\t\t<\/div>\n\t\t\t\t\t<\/div>\n\t\t<\/div>\n\t\t\t\t\t<\/div>\n\t\t<\/section>\n\t\t\t\t<section class=\"elementor-section elementor-top-section elementor-element elementor-element-bf1b7fe elementor-section-boxed elementor-section-height-default elementor-section-height-default\" data-id=\"bf1b7fe\" data-element_type=\"section\" data-settings=\"{&quot;background_background&quot;:&quot;classic&quot;}\">\n\t\t\t\t\t\t<div class=\"elementor-container elementor-column-gap-default\">\n\t\t\t\t\t<div class=\"elementor-column elementor-col-33 elementor-top-column elementor-element elementor-element-41a2212\" data-id=\"41a2212\" data-element_type=\"column\">\n\t\t\t<div class=\"elementor-widget-wrap elementor-element-populated\">\n\t\t\t\t\t\t<div class=\"elementor-element elementor-element-e9af102 elementor-widget elementor-widget-counter\" data-id=\"e9af102\" data-element_type=\"widget\" data-widget_type=\"counter.default\">\n\t\t\t\t<div class=\"elementor-widget-container\">\n\t\t\t\t\t\t\t<div class=\"elementor-counter\">\n\t\t\t<div class=\"elementor-counter-title\">IDENTIFIED RISKS<\/div>\t\t\t<div class=\"elementor-counter-number-wrapper\">\n\t\t\t\t<span class=\"elementor-counter-number-prefix\"><\/span>\n\t\t\t\t<span class=\"elementor-counter-number\" data-duration=\"2000\" data-to-value=\"4000\" data-from-value=\"0\" data-delimiter=\",\">0<\/span>\n\t\t\t\t<span class=\"elementor-counter-number-suffix\"><\/span>\n\t\t\t<\/div>\n\t\t<\/div>\n\t\t\t\t\t\t<\/div>\n\t\t\t\t<\/div>\n\t\t\t\t\t<\/div>\n\t\t<\/div>\n\t\t\t\t<div class=\"elementor-column elementor-col-33 elementor-top-column elementor-element elementor-element-0002c15\" data-id=\"0002c15\" data-element_type=\"column\">\n\t\t\t<div class=\"elementor-widget-wrap elementor-element-populated\">\n\t\t\t\t\t\t<div class=\"elementor-element elementor-element-d172027 elementor-widget elementor-widget-counter\" data-id=\"d172027\" data-element_type=\"widget\" data-widget_type=\"counter.default\">\n\t\t\t\t<div class=\"elementor-widget-container\">\n\t\t\t\t\t\t\t<div class=\"elementor-counter\">\n\t\t\t<div class=\"elementor-counter-title\">SECURITY RECOMANDATIONS ACCEPTED<\/div>\t\t\t<div class=\"elementor-counter-number-wrapper\">\n\t\t\t\t<span class=\"elementor-counter-number-prefix\"><\/span>\n\t\t\t\t<span class=\"elementor-counter-number\" data-duration=\"2000\" data-to-value=\"3000\" data-from-value=\"0\" data-delimiter=\",\">0<\/span>\n\t\t\t\t<span class=\"elementor-counter-number-suffix\"><\/span>\n\t\t\t<\/div>\n\t\t<\/div>\n\t\t\t\t\t\t<\/div>\n\t\t\t\t<\/div>\n\t\t\t\t\t<\/div>\n\t\t<\/div>\n\t\t\t\t<div class=\"elementor-column elementor-col-33 elementor-top-column elementor-element elementor-element-4a6e033\" data-id=\"4a6e033\" data-element_type=\"column\">\n\t\t\t<div class=\"elementor-widget-wrap elementor-element-populated\">\n\t\t\t\t\t\t<div class=\"elementor-element elementor-element-037b353 elementor-widget elementor-widget-counter\" data-id=\"037b353\" data-element_type=\"widget\" data-widget_type=\"counter.default\">\n\t\t\t\t<div class=\"elementor-widget-container\">\n\t\t\t\t\t\t\t<div class=\"elementor-counter\">\n\t\t\t<div class=\"elementor-counter-title\">SATISFIED USERS<\/div>\t\t\t<div class=\"elementor-counter-number-wrapper\">\n\t\t\t\t<span class=\"elementor-counter-number-prefix\"><\/span>\n\t\t\t\t<span class=\"elementor-counter-number\" data-duration=\"2000\" data-to-value=\"2000\" data-from-value=\"0\" data-delimiter=\",\">0<\/span>\n\t\t\t\t<span class=\"elementor-counter-number-suffix\"><\/span>\n\t\t\t<\/div>\n\t\t<\/div>\n\t\t\t\t\t\t<\/div>\n\t\t\t\t<\/div>\n\t\t\t\t\t<\/div>\n\t\t<\/div>\n\t\t\t\t\t<\/div>\n\t\t<\/section>\n\t\t\t\t<\/div>\n\t\t","protected":false},"excerpt":{"rendered":"<p>Looking for the best for you! OUR REPRESENTATIVES We are team of trustworthy people who can be trusted that, with their knowledge and experience, would recomand the best solution for protecting your property, persons and business operation. Vladimir Ja\u0107imovi\u0107 +381 63 111 22 13 menadzer.rizika@gmail.com Aleksandar Jani\u0107ijevi\u0107 +381 69 558 58 92 menadzer.rizika@gmail.com Nikoleta Mutavd\u017ei\u0107 [&hellip;]<\/p>\n","protected":false},"author":1,"featured_media":0,"parent":0,"menu_order":0,"comment_status":"closed","ping_status":"closed","template":"","meta":{"footnotes":""},"class_list":["post-847","page","type-page","status-publish","hentry"],"_links":{"self":[{"href":"https:\/\/riskmanager.rs\/en\/wp-json\/wp\/v2\/pages\/847","targetHints":{"allow":["GET"]}}],"collection":[{"href":"https:\/\/riskmanager.rs\/en\/wp-json\/wp\/v2\/pages"}],"about":[{"href":"https:\/\/riskmanager.rs\/en\/wp-json\/wp\/v2\/types\/page"}],"author":[{"embeddable":true,"href":"https:\/\/riskmanager.rs\/en\/wp-json\/wp\/v2\/users\/1"}],"replies":[{"embeddable":true,"href":"https:\/\/riskmanager.rs\/en\/wp-json\/wp\/v2\/comments?post=847"}],"version-history":[{"count":1,"href":"https:\/\/riskmanager.rs\/en\/wp-json\/wp\/v2\/pages\/847\/revisions"}],"predecessor-version":[{"id":848,"href":"https:\/\/riskmanager.rs\/en\/wp-json\/wp\/v2\/pages\/847\/revisions\/848"}],"wp:attachment":[{"href":"https:\/\/riskmanager.rs\/en\/wp-json\/wp\/v2\/media?parent=847"}],"curies":[{"name":"wp","href":"https:\/\/api.w.org\/{rel}","templated":true}]}}